{"id":145,"date":"2023-10-12T11:55:20","date_gmt":"2023-10-12T09:55:20","guid":{"rendered":"http:\/\/www.pressbook.crittm2a.com\/?page_id=145"},"modified":"2023-10-16T17:11:42","modified_gmt":"2023-10-16T15:11:42","slug":"mot-du-president","status":"publish","type":"page","link":"https:\/\/pressbook.crittm2a.com\/index.php\/mot-du-president\/","title":{"rendered":"Mot du Pr\u00e9sident"},"content":{"rendered":"\n<p>C\u2019est avec fiert\u00e9 et plaisir que nous partageons nos projets lors de notre journ\u00e9e maintenant bien reconnue, le SYTEC. Nous y pr\u00e9sentons et y confrontons aussi nos challenges et notre vision du futur. Cette ann\u00e9e 2023 aura \u00e9t\u00e9 marqu\u00e9e par la cr\u00e9ation du Giga Test Centre, centre d\u00e9di\u00e9 \u00e0 la conformit\u00e9 de production et \u00e0 la validation des batteries des giga-factories et par une introduction par Marc Mortureux, Directeur de la PFA.<\/p>\n\n\n\n<p>Depuis 2015, nous avons pris le virage de l\u2019\u00e9lectrique avec un temps d\u2019avance sur les r\u00e9glementations. Dans un secteur de l\u2019automobile qui conna\u00eet une r\u00e9volution sans pr\u00e9c\u00e9dent, nous accompagnons nos clients \u2013 constructeurs, \u00e9quipementiers, \u00e9curies automobiles, fabricants de batteries\u2026 &#8211; dans cette nouvelle \u00e8re du tout \u00e9lectrique, gr\u00e2ce \u00e0 l\u2019excellence de nos prestations et au savoir-faire de nos collaborateurs.<\/p>\n\n\n\n<p>Source de croissance et d\u2019am\u00e9lioration, l\u2019innovation et la R&amp;D sont au c\u0153ur de la strat\u00e9gie du CRITT M2A. La brique R&amp;D est essentielle pour conserver notre temps d\u2019avance dans cette course \u00e0 une mobilit\u00e9 toujours plus performante et d\u00e9carbon\u00e9e !<\/p>\n\n\n\n<p>A l\u2019aube de 2025, nous continuons \u00e0 voir loin, toujours plus loin ! Nous avons d\u00e9velopp\u00e9 un d\u00e9partement pour l\u2019homologation et la certification des batteries et nous nous investissons aussi dans la formation afin de garantir au mieux la satisfaction de nos clients.<\/p>\n\n\n\n<p>Nous vous remercions pour votre solide et p\u00e9renne collaboration dans le d\u00e9veloppement de nos projets en cours et \u00e0 venir ainsi que pour votre soutien et votre confiance dans notre soci\u00e9t\u00e9.<\/p>\n\n\n\n<p>Nous remercions aussi tous les participants au SYTEC 2023 et \u00e0 l&rsquo;inauguration du Giga Test Centre. Votre pr\u00e9sence et votre engagement ont contribu\u00e9 de mani\u00e8re significative au succ\u00e8s de ces deux \u00e9v\u00e9nements !<\/p>\n\n\n\n<p>J\u00e9r\u00f4me BODELLE<\/p>\n","protected":false},"excerpt":{"rendered":"<p>C\u2019est avec fiert\u00e9 et plaisir que nous partageons nos projets lors de notre journ\u00e9e maintenant bien reconnue, le SYTEC. Nous y pr\u00e9sentons et y confrontons aussi nos challenges et notre &#8230;<\/p>\n","protected":false},"author":2,"featured_media":0,"parent":0,"menu_order":0,"comment_status":"closed","ping_status":"closed","template":"","meta":{"footnotes":""},"class_list":["post-145","page","type-page","status-publish","hentry"],"_links":{"self":[{"href":"https:\/\/pressbook.crittm2a.com\/index.php\/wp-json\/wp\/v2\/pages\/145","targetHints":{"allow":["GET"]}}],"collection":[{"href":"https:\/\/pressbook.crittm2a.com\/index.php\/wp-json\/wp\/v2\/pages"}],"about":[{"href":"https:\/\/pressbook.crittm2a.com\/index.php\/wp-json\/wp\/v2\/types\/page"}],"author":[{"embeddable":true,"href":"https:\/\/pressbook.crittm2a.com\/index.php\/wp-json\/wp\/v2\/users\/2"}],"replies":[{"embeddable":true,"href":"https:\/\/pressbook.crittm2a.com\/index.php\/wp-json\/wp\/v2\/comments?post=145"}],"version-history":[{"count":7,"href":"https:\/\/pressbook.crittm2a.com\/index.php\/wp-json\/wp\/v2\/pages\/145\/revisions"}],"predecessor-version":[{"id":320,"href":"https:\/\/pressbook.crittm2a.com\/index.php\/wp-json\/wp\/v2\/pages\/145\/revisions\/320"}],"wp:attachment":[{"href":"https:\/\/pressbook.crittm2a.com\/index.php\/wp-json\/wp\/v2\/media?parent=145"}],"curies":[{"name":"wp","href":"https:\/\/api.w.org\/{rel}","templated":true}]}}